{"id":37,"date":"2017-10-16T15:13:53","date_gmt":"2017-10-16T15:13:53","guid":{"rendered":"http:\/\/ptc.becker-giessen.de\/?page_id=37"},"modified":"2019-01-08T18:16:17","modified_gmt":"2019-01-08T18:16:17","slug":"impressum-disclaimer","status":"publish","type":"page","link":"http:\/\/ptc.becker-giessen.de\/?page_id=37","title":{"rendered":"Impressum \/  Datenschutzerkl\u00e4rung"},"content":{"rendered":"<h1>Impressum<\/h1>\n<h2>Angaben gem\u00e4\u00df \u00a7 5 TMG:<\/h2>\n<p>Dr. Kurt Becker<br>\npTc Patent- und Technologie-Consulting Dr. Kurt Becker<br>\nErnst Abbe-Str. 13<br>\n73447 Oberkochen<\/p>\n<h2>Kontakt:<\/h2>\n<p>Telefon: +49 (0) 7364 70 85 295<br>\nE-Mail: ptc@becker-giessen.de<\/p>\n<h2>Umsatzsteuer:<\/h2>\n<p>Umsatzsteuer-Identifikationsnummer gem\u00e4\u00df \u00a727 a Umsatzsteuergesetz:<br>\nDE 28 105 7705<\/p>\n<h2>Streitschlichtung<\/h2>\n<p>Wir sind nicht bereit oder verpflichtet, an Streitbeilegungsverfahren vor<br>\neiner Verbraucherschlichtungsstelle teilzunehmen.<\/p>\n<h2>Haftung f\u00fcr Inhalte<\/h2>\n<p>Als Diensteanbieter sind wir gem\u00e4\u00df \u00a7 7 Abs.1 TMG f\u00fcr eigene Inhalte auf diesen Seiten nach den allgemeinen Gesetzen verantwortlich. Nach \u00a7\u00a7 8 bis 10 TMG sind wir als Diensteanbieter jedoch nicht verpflichtet, \u00fcbermittelte oder gespeicherte fremde Informationen zu \u00fcberwachen oder nach Umst\u00e4nden zu forschen, die auf eine rechtswidrige T\u00e4tigkeit hinweisen.<\/p>\n<p>Verpflichtungen zur Entfernung oder Sperrung der Nutzung von Informationen nach den allgemeinen Gesetzen bleiben hiervon unber\u00fchrt. Eine diesbez\u00fcgliche Haftung ist jedoch erst ab dem Zeitpunkt der Kenntnis einer konkreten Rechtsverletzung m\u00f6glich. Bei Bekanntwerden von entsprechenden Rechtsverletzungen werden wir diese Inhalte umgehend entfernen.<\/p>\n<h2>Haftung f\u00fcr Links<\/h2>\n<p>Unser Angebot enth\u00e4lt Links zu externen Websites Dritter, auf<br>\nderen Inhalte wir keinen Einfluss haben. Deshalb k\u00f6nnen wir f\u00fcr diese fremden Inhalte auch keine Gew\u00e4hr \u00fcbernehmen. F\u00fcr die Inhalte der verlinkten Seiten ist stets der jeweilige Anbieter oder Betreiber der Seiten verantwortlich. Die verlinkten Seiten wurden zum Zeitpunkt der Verlinkung auf m\u00f6gliche Rechtsverst\u00f6\u00dfe \u00fcberpr\u00fcft. Rechtswidrige Inhalte waren zum Zeitpunkt der Verlinkung nicht erkennbar.<\/p>\n<p>Eine permanente inhaltliche Kontrolle der verlinkten Seiten ist jedoch ohne konkrete Anhaltspunkte einer Rechtsverletzung nicht zumutbar. Bei<br>\nBekanntwerden von Rechtsverletzungen werden wir derartige Links umgehend entfernen.<\/p>\n<h2>Urheberrecht<\/h2>\n<p>Die durch die Seitenbetreiber erstellten Inhalte und Werke auf diesen Seiten<br>\nunterliegen dem deutschen Urheberrecht. Die Vervielf\u00e4ltigung, Bearbeitung, Verbreitung und jede Art der Verwertung au\u00dferhalb der Grenzen des Urheberrechtes bed\u00fcrfen der schriftlichen Zustimmung des jeweiligen Autors bzw. Erstellers. Downloads und Kopien dieser Seite sind nur f\u00fcr den privaten, nicht kommerziellen Gebrauch gestattet.<\/p>\n<p>Soweit die Inhalte auf dieser Seite nicht vom Betreiber erstellt wurden, werden die Urheberrechte Dritter beachtet. Insbesondere werden Inhalte<br>\nDritter als solche gekennzeichnet. Sollten Sie trotzdem auf eine Urheberrechtsverletzung aufmerksam werden, bitten wir um einen entsprechenden Hinweis. Bei Bekanntwerden von Rechtsverletzungen<br>\nwerden wir derartige Inhalte umgehend entfernen.<\/p>\n<p>Quelle: <a href=\"https:\/\/www.erecht24. de\">eRecht24<\/a><\/p>\n<h1>Datenschutzerkl\u00e4rung<\/h1>\n<h2>Datenschutz<\/h2>\n<p>Die Betreiber dieser Seiten nehmen den Schutz Ihrer pers\u00f6nlichen Daten sehr ernst. Wir behandeln Ihre personenbezogenen Daten vertraulich und entsprechend der gesetzlichen Datenschutzvorschriften sowie dieser<br>\nDatenschutzerkl\u00e4rung.<\/p>\n<p>Die Nutzung unserer Website ist in der Regel ohne Angabe personenbezogener Daten m\u00f6glich. Soweit auf unseren Seiten&nbsp; personenbezogene Daten (beispielsweise Name, Anschrift oder E-Mail-Adressen) erhoben werden, erfolgt dies, soweit m\u00f6glich, stets auf freiwilliger Basis. Diese Daten werden ohne Ihre ausdr\u00fcckliche Zustimmung nicht an Dritte weitergegeben.<\/p>\n<p>Wir weisen darauf hin, dass die Daten\u00fcbertragung im Internet (z.B. bei der Kommunikation per E-Mail) Sicherheitsl\u00fccken aufweisen kann. Ein l\u00fcckenloser<br>\nSchutz der Daten vor dem Zugriff durch Dritte ist nicht m\u00f6glich.<\/p>\n<p>&nbsp;<\/p>\n<h2>Kontaktformular<\/h2>\n<p>Wenn Sie uns per Kontaktformular Anfragen zukommen lassen, werden<br>\nIhre Angaben aus dem Anfrageformular inklusive der von Ihnen dort angegebenen Kontaktdaten zwecks Bearbeitung der Anfrage und f\u00fcr den Fall von Anschlussfragen bei uns gespeichert. Diese Daten geben wir nicht ohne Ihre Einwilligung weiter.<\/p>\n<p>&nbsp;<\/p>\n<h2>Recht auf Auskunft,<br>\nL\u00f6schung, Sperrung<\/h2>\n<p>Sie haben jederzeit das Recht auf unentgeltliche Auskunft \u00fcber<br>\nIhre gespeicherten personenbezogenen Daten, deren Herkunft und Empf\u00e4nger und den Zweck der Datenverarbeitung sowie ein Recht auf Berichtigung, Sperrung oder L\u00f6schung dieser Daten. Hierzu sowie zu weiteren Fragen zum Thema personenbezogene Daten k\u00f6nnen Sie sich jederzeit unter der im Impressum angegebenen Adresse an uns wenden.<\/p>\n<p>&nbsp;<\/p>\n<p>Quelle: <a href=\"https:\/\/www.e-recht24.de\">e-recht24.de<\/a><\/p>\n\n\n<p><\/p>\n","protected":false},"excerpt":{"rendered":"<p>Impressum Angaben gem\u00e4\u00df \u00a7 5 TMG: Dr. Kurt Becker pTc Patent- und Technologie-Consulting Dr. Kurt Becker Ernst Abbe-Str. 13 73447 Oberkochen Kontakt: Telefon: +49 (0) 7364 70 85 295 E-Mail: ptc@becker-giessen.de Umsatzsteuer: Umsatzsteuer-Identifikationsnummer gem\u00e4\u00df \u00a727 a Umsatzsteuergesetz: DE 28 105 7705 Streitschlichtung Wir sind nicht bereit oder verpflichtet, an Streitbeilegungsverfahren vor einer Verbraucherschlichtungsstelle teilzunehmen. Haftung &hellip; <\/p>\n<p class=\"link-more\"><a href=\"http:\/\/ptc.becker-giessen.de\/?page_id=37\" class=\"more-link\"><span class=\"screen-reader-text\">\u201eImpressum \/  Datenschutzerkl\u00e4rung\u201c<\/span> weiterlesen<\/a><\/p>\n","protected":false},"author":1,"featured_media":0,"parent":0,"menu_order":0,"comment_status":"closed","ping_status":"closed","template":"","meta":[],"_links":{"self":[{"href":"http:\/\/ptc.becker-giessen.de\/index.php?rest_route=\/wp\/v2\/pages\/37"}],"collection":[{"href":"http:\/\/ptc.becker-giessen.de\/index.php?rest_route=\/wp\/v2\/pages"}],"about":[{"href":"http:\/\/ptc.becker-giessen.de\/index.php?rest_route=\/wp\/v2\/types\/page"}],"author":[{"embeddable":true,"href":"http:\/\/ptc.becker-giessen.de\/index.php?rest_route=\/wp\/v2\/users\/1"}],"replies":[{"embeddable":true,"href":"http:\/\/ptc.becker-giessen.de\/index.php?rest_route=%2Fwp%2Fv2%2Fcomments&post=37"}],"version-history":[{"count":10,"href":"http:\/\/ptc.becker-giessen.de\/index.php?rest_route=\/wp\/v2\/pages\/37\/revisions"}],"predecessor-version":[{"id":106,"href":"http:\/\/ptc.becker-giessen.de\/index.php?rest_route=\/wp\/v2\/pages\/37\/revisions\/106"}],"wp:attachment":[{"href":"http:\/\/ptc.becker-giessen.de\/index.php?rest_route=%2Fwp%2Fv2%2Fmedia&parent=37"}],"curies":[{"name":"wp","href":"https:\/\/api.w.org\/{rel}","templated":true}]}}