{"id":2,"date":"2016-05-10T03:48:21","date_gmt":"2016-05-10T03:48:21","guid":{"rendered":"http:\/\/ptc.becker-giessen.de\/?page_id=2"},"modified":"2019-01-08T17:38:40","modified_gmt":"2019-01-08T17:38:40","slug":"sample-page","status":"publish","type":"page","link":"http:\/\/ptc.becker-giessen.de\/","title":{"rendered":"Sie sind innovativ? . . ."},"content":{"rendered":"<div class=\"post-header\"><\/div>\n<div class=\"post-content clear\">\n<p><strong>\u2026 dann sollten Sie sich intensiv mit dem Schutz ihres wertvollen geistigen Eigentums befassen!<\/strong><\/p>\n<p><strong>Dabei kann pTc Sie kompetent unterst\u00fctzen.<\/strong><\/p>\n<p>In allen gro\u00dfen Industrienationen nimmt die Zahl der Patentanmeldungen p.a. seit Jahren drastisch zu. Beispielhaft zeigt die folgende Grafik die Anzahl der Anmeldungen in den USA seit 1999 (Quelle: Statistik des USPTO):<\/p>\n<p><img loading=\"lazy\" class=\"aligncenter wp-image-53 size-medium\" src=\"http:\/\/ptc.becker-giessen.de\/wp-content\/uploads\/2017\/12\/Applications-filed-300x205.jpg\" alt=\"\" width=\"300\" height=\"205\" srcset=\"http:\/\/ptc.becker-giessen.de\/wp-content\/uploads\/2017\/12\/Applications-filed-300x205.jpg 300w, http:\/\/ptc.becker-giessen.de\/wp-content\/uploads\/2017\/12\/Applications-filed-768x524.jpg 768w, http:\/\/ptc.becker-giessen.de\/wp-content\/uploads\/2017\/12\/Applications-filed.jpg 976w\" sizes=\"(max-width: 300px) 100vw, 300px\" \/><\/p>\n<p>Diese\u00a0 weltweite Entwicklung hat erhebliche Auswirkungen auf\u00a0 die\u00a0 Innovationsprozesse der\u00a0 Unternehmen:<\/p>\n<p>Einerseits erm\u00f6glicht\u00a0 der proaktive Einsatz von Schutzrechten\u00a0 eine St\u00e4rkung der eigenen Marktposition.<\/p>\n<p>Andererseits besteht insbesondere bei innovativen Unternehmen die Gefahr,\u00a0 mit eigenen technologischen L\u00f6sungen in Konflikte mit bestehendem Stand der Technik zu geraten.<\/p>\n<p>Welche drastischen Folgen dies haben kann, zeigen spektakul\u00e4re F\u00e4lle der j\u00fcngsten Vergangenheit.<\/p>\n<p>Dem k\u00f6nne Sie begegnen durch eine konsequente und kontinuierliche Patentarbeit. Beispielsweise\u00a0 geh\u00f6ren hierzu<\/p>\n<ul>\n<li>Kontinuierliche Beobachtung und Bewertung von patentrechtlichen Wettbewerbsaktivit\u00e4ten<\/li>\n<li>Bewertung eigener Innovationen unter Ber\u00fccksichtigung des bestehenden Stands der Technik<\/li>\n<li>Patentrechtlicher Schutz und Verteidigung eigener Innovationen<\/li>\n<li>Gestaltung und Umsetzung einer unternehmensspezifischen Patentstrategie.<\/li>\n<\/ul>\n<p><strong>\u00a0<\/strong><\/p>\n<p><b>\u00a0<\/b><\/p>\n<\/div>\n","protected":false},"excerpt":{"rendered":"<p>\u2026 dann sollten Sie sich intensiv mit dem Schutz ihres wertvollen geistigen Eigentums befassen! Dabei kann pTc Sie kompetent unterst\u00fctzen. In allen gro\u00dfen Industrienationen nimmt die Zahl der Patentanmeldungen p.a. seit Jahren drastisch zu. Beispielhaft zeigt die folgende Grafik die Anzahl der Anmeldungen in den USA seit 1999 (Quelle: Statistik des USPTO): Diese\u00a0 weltweite Entwicklung &hellip; <\/p>\n<p class=\"link-more\"><a href=\"http:\/\/ptc.becker-giessen.de\/\" class=\"more-link\"><span class=\"screen-reader-text\">\u201eSie sind innovativ? . . .\u201c<\/span> weiterlesen<\/a><\/p>\n","protected":false},"author":1,"featured_media":0,"parent":0,"menu_order":0,"comment_status":"closed","ping_status":"open","template":"","meta":[],"_links":{"self":[{"href":"http:\/\/ptc.becker-giessen.de\/index.php?rest_route=\/wp\/v2\/pages\/2"}],"collection":[{"href":"http:\/\/ptc.becker-giessen.de\/index.php?rest_route=\/wp\/v2\/pages"}],"about":[{"href":"http:\/\/ptc.becker-giessen.de\/index.php?rest_route=\/wp\/v2\/types\/page"}],"author":[{"embeddable":true,"href":"http:\/\/ptc.becker-giessen.de\/index.php?rest_route=\/wp\/v2\/users\/1"}],"replies":[{"embeddable":true,"href":"http:\/\/ptc.becker-giessen.de\/index.php?rest_route=%2Fwp%2Fv2%2Fcomments&post=2"}],"version-history":[{"count":5,"href":"http:\/\/ptc.becker-giessen.de\/index.php?rest_route=\/wp\/v2\/pages\/2\/revisions"}],"predecessor-version":[{"id":55,"href":"http:\/\/ptc.becker-giessen.de\/index.php?rest_route=\/wp\/v2\/pages\/2\/revisions\/55"}],"wp:attachment":[{"href":"http:\/\/ptc.becker-giessen.de\/index.php?rest_route=%2Fwp%2Fv2%2Fmedia&parent=2"}],"curies":[{"name":"wp","href":"https:\/\/api.w.org\/{rel}","templated":true}]}}