{"id":10,"date":"2017-10-16T14:28:57","date_gmt":"2017-10-16T14:28:57","guid":{"rendered":"http:\/\/ptc.becker-giessen.de\/?page_id=10"},"modified":"2019-01-08T17:39:15","modified_gmt":"2019-01-08T17:39:15","slug":"was-kann-ptc-fuer-sie-tun","status":"publish","type":"page","link":"http:\/\/ptc.becker-giessen.de\/?page_id=10","title":{"rendered":"Was kann pTc f\u00fcr Sie tun?"},"content":{"rendered":"<h3>Recherchen und Analysen<\/h3>\n<p>Eine wichtige Grundlage der innovationsbegleitenden\u00a0 Patentarbeit ist die Durchf\u00fchrung von Recherchen nach Schutzrechten unter verschiedenen Kriterien, die sich an Ihrer spezifischen Zielsetzung orientieren.\u00a0 Beispielsweise\u00a0 k\u00f6nnen Recherchen<\/p>\n<ul>\n<li>zur Generierung eines \u00dcberblicks \u00fcber ein bestimmtes Technologiegebiet,<\/li>\n<li>zur Generierung eines \u00dcberblicks \u00fcber die Schutzrechtsaktivit\u00e4ten von\u00a0 Unternehmen oder Personen,<\/li>\n<li>zur Beschaffung von Material im Zusammenhang von m\u00f6glichen Schutzrechtsverletzungen oder Einspr\u00fcchen\u2014 auch in sog. \u201egrauer Literatur\u201c wie Tagungsberichten, Dissertationen o.\u00e4. -oder<\/li>\n<li>zur Ermittlung von Rechtsst\u00e4nden durchgef\u00fchrt werden.<\/li>\n<\/ul>\n<p>pTc\u00a0 recherchiert mit Hilfe professioneller Datenbanken und\u00a0 unmittelbar bei nationalen\u00a0 Patent\u00e4mtern .\u00a0 Die Aufbereitung der Ergebnisse erfolgt nach Absprache. Nach Wunsch erhalten Sie eine einfache Trefferliste, oder auch eine\u00a0 umfangreiche Analyse relevanter Dokumente.<\/p>\n<p>Bei Bedarf kann auch erg\u00e4nzend in\u00a0 Nicht-Patentliteratur recherchiert werden. Auch hier nutzen wir professionelle Datenbanken.<\/p>\n<h3>Beratung: Innovationsprozess<\/h3>\n<p>Neben diesen Recherchen unterst\u00fctzt Sie pTc auch gern in Ihrem\u00a0 unternehmensinternen Innovationsprozess. Hierzu z\u00e4hlen beispielsweise:<\/p>\n<ul>\n<li>Kontinuierliche Beobachtung und Bewertung von schutzrechtlichen Wettbewerbsaktivit\u00e4ten<\/li>\n<li>Begleitung von Innovationsprojekten bzgl. Schutzrechtsaspekten<\/li>\n<li>Unterst\u00fctzung Ihrer Erfinder \u00a0bei der Erstellung\u00a0 von Erfindungsmeldungen<\/li>\n<li>Kommunikation mit Patentanw\u00e4lten<\/li>\n<li>Beratung bei der Gestaltung und Durchf\u00fchrung interner IP-Prozesse,<\/li>\n<li>Entwicklung unternehmensspezifischer Patentstrategien<\/li>\n<\/ul>\n<p><strong>pTc erteilt keinerlei rechtliche Beratung oder Rechtsausk\u00fcnfte! Hierzu wenden Sie sich bitte an eine einschl\u00e4gige Patentanwaltskanzlei.<\/strong><\/p>\n","protected":false},"excerpt":{"rendered":"<p>Recherchen und Analysen Eine wichtige Grundlage der innovationsbegleitenden\u00a0 Patentarbeit ist die Durchf\u00fchrung von Recherchen nach Schutzrechten unter verschiedenen Kriterien, die sich an Ihrer spezifischen Zielsetzung orientieren.\u00a0 Beispielsweise\u00a0 k\u00f6nnen Recherchen zur Generierung eines \u00dcberblicks \u00fcber ein bestimmtes Technologiegebiet, zur Generierung eines \u00dcberblicks \u00fcber die Schutzrechtsaktivit\u00e4ten von\u00a0 Unternehmen oder Personen, zur Beschaffung von Material im Zusammenhang von &hellip; <\/p>\n<p class=\"link-more\"><a href=\"http:\/\/ptc.becker-giessen.de\/?page_id=10\" class=\"more-link\"><span class=\"screen-reader-text\">\u201eWas kann pTc f\u00fcr Sie tun?\u201c<\/span> weiterlesen<\/a><\/p>\n","protected":false},"author":1,"featured_media":0,"parent":0,"menu_order":0,"comment_status":"closed","ping_status":"closed","template":"","meta":[],"_links":{"self":[{"href":"http:\/\/ptc.becker-giessen.de\/index.php?rest_route=\/wp\/v2\/pages\/10"}],"collection":[{"href":"http:\/\/ptc.becker-giessen.de\/index.php?rest_route=\/wp\/v2\/pages"}],"about":[{"href":"http:\/\/ptc.becker-giessen.de\/index.php?rest_route=\/wp\/v2\/types\/page"}],"author":[{"embeddable":true,"href":"http:\/\/ptc.becker-giessen.de\/index.php?rest_route=\/wp\/v2\/users\/1"}],"replies":[{"embeddable":true,"href":"http:\/\/ptc.becker-giessen.de\/index.php?rest_route=%2Fwp%2Fv2%2Fcomments&post=10"}],"version-history":[{"count":3,"href":"http:\/\/ptc.becker-giessen.de\/index.php?rest_route=\/wp\/v2\/pages\/10\/revisions"}],"predecessor-version":[{"id":35,"href":"http:\/\/ptc.becker-giessen.de\/index.php?rest_route=\/wp\/v2\/pages\/10\/revisions\/35"}],"wp:attachment":[{"href":"http:\/\/ptc.becker-giessen.de\/index.php?rest_route=%2Fwp%2Fv2%2Fmedia&parent=10"}],"curies":[{"name":"wp","href":"https:\/\/api.w.org\/{rel}","templated":true}]}}